{"id":2071,"date":"2024-04-08T17:50:56","date_gmt":"2024-04-08T15:50:56","guid":{"rendered":"https:\/\/www.schmerztherapie-orthopaedie-hamburg.de\/imprint\/"},"modified":"2025-10-21T15:09:21","modified_gmt":"2025-10-21T13:09:21","slug":"imprint","status":"publish","type":"page","link":"https:\/\/www.schmerztherapie-orthopaedie-hamburg.de\/en\/imprint\/","title":{"rendered":"Imprint"},"content":{"rendered":"\t\t<div data-elementor-type=\"wp-page\" data-elementor-id=\"2071\" class=\"elementor elementor-2071 elementor-399\" data-elementor-post-type=\"page\">\n\t\t\t\t<div class=\"elementor-element elementor-element-95c74a7 e-flex e-con-boxed e-con e-parent\" data-id=\"95c74a7\" data-element_type=\"container\" data-settings=\"{&quot;background_background&quot;:&quot;classic&quot;,&quot;shape_divider_bottom&quot;:&quot;mountains&quot;}\">\n\t\t\t\t\t<div class=\"e-con-inner\">\n\t\t\t\t<div class=\"elementor-shape elementor-shape-bottom\" aria-hidden=\"true\" data-negative=\"false\">\n\t\t\t<svg xmlns=\"http:\/\/www.w3.org\/2000\/svg\" viewBox=\"0 0 1000 100\" preserveAspectRatio=\"none\">\n\t<path class=\"elementor-shape-fill\" opacity=\"0.33\" d=\"M473,67.3c-203.9,88.3-263.1-34-320.3,0C66,119.1,0,59.7,0,59.7V0h1000v59.7 c0,0-62.1,26.1-94.9,29.3c-32.8,3.3-62.8-12.3-75.8-22.1C806,49.6,745.3,8.7,694.9,4.7S492.4,59,473,67.3z\"\/>\n\t<path class=\"elementor-shape-fill\" opacity=\"0.66\" d=\"M734,67.3c-45.5,0-77.2-23.2-129.1-39.1c-28.6-8.7-150.3-10.1-254,39.1 s-91.7-34.4-149.2,0C115.7,118.3,0,39.8,0,39.8V0h1000v36.5c0,0-28.2-18.5-92.1-18.5C810.2,18.1,775.7,67.3,734,67.3z\"\/>\n\t<path class=\"elementor-shape-fill\" d=\"M766.1,28.9c-200-57.5-266,65.5-395.1,19.5C242,1.8,242,5.4,184.8,20.6C128,35.8,132.3,44.9,89.9,52.5C28.6,63.7,0,0,0,0 h1000c0,0-9.9,40.9-83.6,48.1S829.6,47,766.1,28.9z\"\/>\n<\/svg>\t\t<\/div>\n\t\t\t\t\t<\/div>\n\t\t\t\t<\/div>\n\t\t<div class=\"elementor-element elementor-element-b81cc16 e-flex e-con-boxed e-con e-parent\" data-id=\"b81cc16\" data-element_type=\"container\" data-settings=\"{&quot;background_background&quot;:&quot;classic&quot;}\">\n\t\t\t\t\t<div class=\"e-con-inner\">\n\t\t<div class=\"elementor-element elementor-element-99945a8 e-con-full e-flex e-con e-child\" data-id=\"99945a8\" data-element_type=\"container\">\n\t\t\t\t<div class=\"elementor-element elementor-element-43af95c elementor-widget elementor-widget-heading\" data-id=\"43af95c\" data-element_type=\"widget\" data-widget_type=\"heading.default\">\n\t\t\t\t<div class=\"elementor-widget-container\">\n\t\t\t\t\t<h1 class=\"elementor-heading-title elementor-size-default\">Imprint<\/h1>\t\t\t\t<\/div>\n\t\t\t\t<\/div>\n\t\t\t\t<div class=\"elementor-element elementor-element-a8870af elementor-widget elementor-widget-text-editor\" data-id=\"a8870af\" data-element_type=\"widget\" data-widget_type=\"text-editor.default\">\n\t\t\t\t<div class=\"elementor-widget-container\">\n\t\t\t\t\t\t\t\t\t<p>Practice Dr. D\u00f6bber<strong><br><\/strong>Orthopaedics Gosslers Park Blankenese<\/p><p>Blankeneser Landstra\u00dfe 2a<br>22587 Hamburg<\/p><p>Phone: 040 866 939 80 -0<br>Fax: 040 866 939 80 -20<\/p><p>Email: <a href=\"mailto:praxis@schmerztherapie-orthopaedie-hamburg.de\">praxis@schmerztherapie-orthopaedie-hamburg.de<\/a><br>Website: <a title=\"Orthopaedics Hamburg Blankenese\" href=\"https:\/\/www.schmerztherapie-orthopaedie-hamburg.de\/en\/\">www.schmerztherapie-orthopaedie-hamburg.de<\/a><\/p>\t\t\t\t\t\t\t\t<\/div>\n\t\t\t\t<\/div>\n\t\t\t\t<div class=\"elementor-element elementor-element-792d70f elementor-widget elementor-widget-text-editor\" data-id=\"792d70f\" data-element_type=\"widget\" data-widget_type=\"text-editor.default\">\n\t\t\t\t<div class=\"elementor-widget-container\">\n\t\t\t\t\t\t\t\t\t<h2>Responsible for content<\/h2><p>Dr. med. Renate D\u00f6bber<br>Practice Dr. D\u00f6bber<br>Orthopaedics Gosslers Park Blankenese<br>Blankeneser Landstra\u00dfe 2a<br>22587 Hamburg<\/p><h3>Job title and professional regulations<\/h3><p>Professional title: Specialist in orthopaedics and trauma surgery<br>Competent chamber: Hamburg Medical Association, Weidestra\u00dfe 122 B, 22083 Hamburg<br>Awarded by: Germany<br>The following professional regulations apply: Professional Code of Conduct of the Hamburg Medical Association, regulations available at: <a href=\"https:\/\/www.aerztekammer-hamburg.org\" target=\"_blank\" rel=\"noopener\">https:\/\/www.aerztekammer-hamburg.org<\/a><\/p><h3>Liability for content<\/h3><p>As a service provider, we are responsible for our own content on these pages in accordance with general legislation. However, as a service provider, we are not obliged to monitor transmitted or stored third-party information or to investigate circumstances that indicate illegal activity. <\/p><p>Obligations to remove or block the use of information in accordance with general legislation remain unaffected by this. However, liability in this respect is only possible from the time we become aware of a specific infringement. As soon as we become aware of such infringements, we will remove this content immediately.  <\/p><h3>Liability for links<\/h3><p>Our website contains links to external third-party websites over whose content we have no influence. Therefore, we cannot accept any liability for this third-party content. The respective provider or operator of the pages is always responsible for the content of the linked pages. The linked pages were checked for possible legal violations at the time of linking. Illegal contents were not recognizable at the time of linking.    <\/p><p>However, permanent monitoring of the content of the linked pages is not reasonable without concrete evidence of an infringement. If we become aware of any legal infringements, we will remove such links immediately. <\/p><h3>Copyright<\/h3><p>The content and works created by the site operators on these pages are subject to German copyright law. Duplication, processing, distribution and any form of commercialization of such material beyond the scope of the copyright law shall require the prior written consent of its respective author or creator. Downloads and copies of this site are only permitted for private, non-commercial use.  <\/p><p>Insofar as the content on this site was not created by the operator, the copyrights of third parties are respected. In particular, third-party content is identified as such. Should you nevertheless become aware of a copyright infringement, please inform us accordingly. If we become aware of any infringements, we will remove such content immediately.   <\/p><h3>Dispute resolution<\/h3><p>We are not willing or obliged to participate in dispute resolution proceedings before a consumer arbitration board.<\/p><h3>Website realization<\/h3><p>designdeck<br><a href=\"https:\/\/www.designdeck.de\" target=\"_blank\" rel=\"noopener\">webdesign Hamburg<\/a><\/p><h3>Sources for images<\/h3><p>Practice photos, portraits: <a href=\"http:\/\/www.zitzlaff.com\" target=\"_blank\" rel=\"external noopener\">Martin Zitzlaff<\/a><br>Homepage video: <a href=\"https:\/\/www.pexels.com\/video\/landscape-shot-of-sun-ray-in-the-forest-5692315\/\" target=\"_blank\" rel=\"noopener\">Matthias Groeneveld<\/a><\/p>\t\t\t\t\t\t\t\t<\/div>\n\t\t\t\t<\/div>\n\t\t\t\t<div class=\"elementor-element elementor-element-771f162 elementor-widget elementor-widget-spacer\" data-id=\"771f162\" data-element_type=\"widget\" data-widget_type=\"spacer.default\">\n\t\t\t\t<div class=\"elementor-widget-container\">\n\t\t\t\t\t\t\t<div class=\"elementor-spacer\">\n\t\t\t<div class=\"elementor-spacer-inner\"><\/div>\n\t\t<\/div>\n\t\t\t\t\t\t<\/div>\n\t\t\t\t<\/div>\n\t\t\t\t<\/div>\n\t\t\t\t\t<\/div>\n\t\t\t\t<\/div>\n\t\t\t\t<\/div>\n\t\t","protected":false},"excerpt":{"rendered":"<p>Imprint Practice Dr. D\u00f6bberOrthopaedics Gosslers Park Blankenese Blankeneser Landstra\u00dfe 2a22587 Hamburg Phone: 040 866 939 80 -0Fax: 040 866 939 80 -20 Email: praxis@schmerztherapie-orthopaedie-hamburg.deWebsite: www.schmerztherapie-orthopaedie-hamburg.de Responsible for content Dr. med. Renate D\u00f6bberPractice Dr. D\u00f6bberOrthopaedics Gosslers Park BlankeneseBlankeneser Landstra\u00dfe 2a22587 Hamburg Job title and professional regulations Professional title: Specialist in orthopaedics and trauma surgeryCompetent chamber: Hamburg [&hellip;]<\/p>\n","protected":false},"author":1,"featured_media":0,"parent":0,"menu_order":0,"comment_status":"closed","ping_status":"closed","template":"","meta":{"footnotes":""},"class_list":["post-2071","page","type-page","status-publish","hentry"],"yoast_head":"<!-- This site is optimized with the Yoast SEO plugin v26.2 - https:\/\/yoast.com\/wordpress\/plugins\/seo\/ -->\n<title>Imprint - Dr. D\u00f6bber<\/title>\n<meta name=\"robots\" content=\"index, follow, max-snippet:-1, max-image-preview:large, max-video-preview:-1\" \/>\n<link rel=\"canonical\" href=\"https:\/\/www.schmerztherapie-orthopaedie-hamburg.de\/en\/imprint\/\" \/>\n<meta property=\"og:locale\" content=\"en_US\" \/>\n<meta property=\"og:type\" content=\"article\" \/>\n<meta property=\"og:title\" content=\"Imprint - Dr. D\u00f6bber\" \/>\n<meta property=\"og:description\" content=\"Imprint Practice Dr. D\u00f6bberOrthopaedics Gosslers Park Blankenese Blankeneser Landstra\u00dfe 2a22587 Hamburg Phone: 040 866 939 80 -0Fax: 040 866 939 80 -20 Email: praxis@schmerztherapie-orthopaedie-hamburg.deWebsite: www.schmerztherapie-orthopaedie-hamburg.de Responsible for content Dr. med. Renate D\u00f6bberPractice Dr. D\u00f6bberOrthopaedics Gosslers Park BlankeneseBlankeneser Landstra\u00dfe 2a22587 Hamburg Job title and professional regulations Professional title: Specialist in orthopaedics and trauma surgeryCompetent chamber: Hamburg [&hellip;]\" \/>\n<meta property=\"og:url\" content=\"https:\/\/www.schmerztherapie-orthopaedie-hamburg.de\/en\/imprint\/\" \/>\n<meta property=\"og:site_name\" content=\"Dr. D\u00f6bber\" \/>\n<meta property=\"article:modified_time\" content=\"2025-10-21T13:09:21+00:00\" \/>\n<meta name=\"twitter:card\" content=\"summary_large_image\" \/>\n<script type=\"application\/ld+json\" class=\"yoast-schema-graph\">{\"@context\":\"https:\/\/schema.org\",\"@graph\":[{\"@type\":\"WebPage\",\"@id\":\"https:\/\/www.schmerztherapie-orthopaedie-hamburg.de\/en\/imprint\/\",\"url\":\"https:\/\/www.schmerztherapie-orthopaedie-hamburg.de\/en\/imprint\/\",\"name\":\"Imprint - Dr. D\u00f6bber\",\"isPartOf\":{\"@id\":\"https:\/\/www.schmerztherapie-orthopaedie-hamburg.de\/en\/#website\"},\"datePublished\":\"2024-04-08T15:50:56+00:00\",\"dateModified\":\"2025-10-21T13:09:21+00:00\",\"breadcrumb\":{\"@id\":\"https:\/\/www.schmerztherapie-orthopaedie-hamburg.de\/en\/imprint\/#breadcrumb\"},\"inLanguage\":\"en-US\",\"potentialAction\":[{\"@type\":\"ReadAction\",\"target\":[\"https:\/\/www.schmerztherapie-orthopaedie-hamburg.de\/en\/imprint\/\"]}]},{\"@type\":\"BreadcrumbList\",\"@id\":\"https:\/\/www.schmerztherapie-orthopaedie-hamburg.de\/en\/imprint\/#breadcrumb\",\"itemListElement\":[{\"@type\":\"ListItem\",\"position\":1,\"name\":\"Startseite\",\"item\":\"https:\/\/www.schmerztherapie-orthopaedie-hamburg.de\/en\/\"},{\"@type\":\"ListItem\",\"position\":2,\"name\":\"Imprint\"}]},{\"@type\":\"WebSite\",\"@id\":\"https:\/\/www.schmerztherapie-orthopaedie-hamburg.de\/en\/#website\",\"url\":\"https:\/\/www.schmerztherapie-orthopaedie-hamburg.de\/en\/\",\"name\":\"Dr. D\u00f6bber\",\"description\":\"Orthop\u00e4die und Schmerztherapie in Hamburg Blankenese\",\"publisher\":{\"@id\":\"https:\/\/www.schmerztherapie-orthopaedie-hamburg.de\/en\/#organization\"},\"potentialAction\":[{\"@type\":\"SearchAction\",\"target\":{\"@type\":\"EntryPoint\",\"urlTemplate\":\"https:\/\/www.schmerztherapie-orthopaedie-hamburg.de\/en\/?s={search_term_string}\"},\"query-input\":{\"@type\":\"PropertyValueSpecification\",\"valueRequired\":true,\"valueName\":\"search_term_string\"}}],\"inLanguage\":\"en-US\"},{\"@type\":\"Organization\",\"@id\":\"https:\/\/www.schmerztherapie-orthopaedie-hamburg.de\/en\/#organization\",\"name\":\"Dr. D\u00f6bber\",\"url\":\"https:\/\/www.schmerztherapie-orthopaedie-hamburg.de\/en\/\",\"logo\":{\"@type\":\"ImageObject\",\"inLanguage\":\"en-US\",\"@id\":\"https:\/\/www.schmerztherapie-orthopaedie-hamburg.de\/en\/#\/schema\/logo\/image\/\",\"url\":\"https:\/\/www.schmerztherapie-orthopaedie-hamburg.de\/wp-content\/uploads\/2022\/06\/Doebber-Hamburg-400.png\",\"contentUrl\":\"https:\/\/www.schmerztherapie-orthopaedie-hamburg.de\/wp-content\/uploads\/2022\/06\/Doebber-Hamburg-400.png\",\"width\":400,\"height\":288,\"caption\":\"Dr. D\u00f6bber\"},\"image\":{\"@id\":\"https:\/\/www.schmerztherapie-orthopaedie-hamburg.de\/en\/#\/schema\/logo\/image\/\"}}]}<\/script>\n<!-- \/ Yoast SEO plugin. -->","yoast_head_json":{"title":"Imprint - Dr. D\u00f6bber","robots":{"index":"index","follow":"follow","max-snippet":"max-snippet:-1","max-image-preview":"max-image-preview:large","max-video-preview":"max-video-preview:-1"},"canonical":"https:\/\/www.schmerztherapie-orthopaedie-hamburg.de\/en\/imprint\/","og_locale":"en_US","og_type":"article","og_title":"Imprint - Dr. D\u00f6bber","og_description":"Imprint Practice Dr. D\u00f6bberOrthopaedics Gosslers Park Blankenese Blankeneser Landstra\u00dfe 2a22587 Hamburg Phone: 040 866 939 80 -0Fax: 040 866 939 80 -20 Email: praxis@schmerztherapie-orthopaedie-hamburg.deWebsite: www.schmerztherapie-orthopaedie-hamburg.de Responsible for content Dr. med. Renate D\u00f6bberPractice Dr. D\u00f6bberOrthopaedics Gosslers Park BlankeneseBlankeneser Landstra\u00dfe 2a22587 Hamburg Job title and professional regulations Professional title: Specialist in orthopaedics and trauma surgeryCompetent chamber: Hamburg [&hellip;]","og_url":"https:\/\/www.schmerztherapie-orthopaedie-hamburg.de\/en\/imprint\/","og_site_name":"Dr. D\u00f6bber","article_modified_time":"2025-10-21T13:09:21+00:00","twitter_card":"summary_large_image","schema":{"@context":"https:\/\/schema.org","@graph":[{"@type":"WebPage","@id":"https:\/\/www.schmerztherapie-orthopaedie-hamburg.de\/en\/imprint\/","url":"https:\/\/www.schmerztherapie-orthopaedie-hamburg.de\/en\/imprint\/","name":"Imprint - Dr. D\u00f6bber","isPartOf":{"@id":"https:\/\/www.schmerztherapie-orthopaedie-hamburg.de\/en\/#website"},"datePublished":"2024-04-08T15:50:56+00:00","dateModified":"2025-10-21T13:09:21+00:00","breadcrumb":{"@id":"https:\/\/www.schmerztherapie-orthopaedie-hamburg.de\/en\/imprint\/#breadcrumb"},"inLanguage":"en-US","potentialAction":[{"@type":"ReadAction","target":["https:\/\/www.schmerztherapie-orthopaedie-hamburg.de\/en\/imprint\/"]}]},{"@type":"BreadcrumbList","@id":"https:\/\/www.schmerztherapie-orthopaedie-hamburg.de\/en\/imprint\/#breadcrumb","itemListElement":[{"@type":"ListItem","position":1,"name":"Startseite","item":"https:\/\/www.schmerztherapie-orthopaedie-hamburg.de\/en\/"},{"@type":"ListItem","position":2,"name":"Imprint"}]},{"@type":"WebSite","@id":"https:\/\/www.schmerztherapie-orthopaedie-hamburg.de\/en\/#website","url":"https:\/\/www.schmerztherapie-orthopaedie-hamburg.de\/en\/","name":"Dr. D\u00f6bber","description":"Orthop\u00e4die und Schmerztherapie in Hamburg Blankenese","publisher":{"@id":"https:\/\/www.schmerztherapie-orthopaedie-hamburg.de\/en\/#organization"},"potentialAction":[{"@type":"SearchAction","target":{"@type":"EntryPoint","urlTemplate":"https:\/\/www.schmerztherapie-orthopaedie-hamburg.de\/en\/?s={search_term_string}"},"query-input":{"@type":"PropertyValueSpecification","valueRequired":true,"valueName":"search_term_string"}}],"inLanguage":"en-US"},{"@type":"Organization","@id":"https:\/\/www.schmerztherapie-orthopaedie-hamburg.de\/en\/#organization","name":"Dr. D\u00f6bber","url":"https:\/\/www.schmerztherapie-orthopaedie-hamburg.de\/en\/","logo":{"@type":"ImageObject","inLanguage":"en-US","@id":"https:\/\/www.schmerztherapie-orthopaedie-hamburg.de\/en\/#\/schema\/logo\/image\/","url":"https:\/\/www.schmerztherapie-orthopaedie-hamburg.de\/wp-content\/uploads\/2022\/06\/Doebber-Hamburg-400.png","contentUrl":"https:\/\/www.schmerztherapie-orthopaedie-hamburg.de\/wp-content\/uploads\/2022\/06\/Doebber-Hamburg-400.png","width":400,"height":288,"caption":"Dr. D\u00f6bber"},"image":{"@id":"https:\/\/www.schmerztherapie-orthopaedie-hamburg.de\/en\/#\/schema\/logo\/image\/"}}]}},"_links":{"self":[{"href":"https:\/\/www.schmerztherapie-orthopaedie-hamburg.de\/en\/wp-json\/wp\/v2\/pages\/2071","targetHints":{"allow":["GET"]}}],"collection":[{"href":"https:\/\/www.schmerztherapie-orthopaedie-hamburg.de\/en\/wp-json\/wp\/v2\/pages"}],"about":[{"href":"https:\/\/www.schmerztherapie-orthopaedie-hamburg.de\/en\/wp-json\/wp\/v2\/types\/page"}],"author":[{"embeddable":true,"href":"https:\/\/www.schmerztherapie-orthopaedie-hamburg.de\/en\/wp-json\/wp\/v2\/users\/1"}],"replies":[{"embeddable":true,"href":"https:\/\/www.schmerztherapie-orthopaedie-hamburg.de\/en\/wp-json\/wp\/v2\/comments?post=2071"}],"version-history":[{"count":0,"href":"https:\/\/www.schmerztherapie-orthopaedie-hamburg.de\/en\/wp-json\/wp\/v2\/pages\/2071\/revisions"}],"wp:attachment":[{"href":"https:\/\/www.schmerztherapie-orthopaedie-hamburg.de\/en\/wp-json\/wp\/v2\/media?parent=2071"}],"curies":[{"name":"wp","href":"https:\/\/api.w.org\/{rel}","templated":true}]}}